{"id":5495,"date":"2020-07-06T19:59:36","date_gmt":"2020-07-06T23:59:36","guid":{"rendered":"https:\/\/www.colegiosanrafael.cl\/?page_id=5495"},"modified":"2020-07-06T19:59:36","modified_gmt":"2020-07-06T23:59:36","slug":"tramites","status":"publish","type":"page","link":"https:\/\/www.colegiosanrafael.cl\/index.php\/tramites\/","title":{"rendered":"Tr\u00e1mites en l\u00ednea, Subsecretaria de Educaci\u00f3n:"},"content":{"rendered":"<h2 style=\"text-align: center;\">Tr\u00e1mites Digitales:<\/h2>\n<table class=\"wp-block-table\" style=\"height: 306px; width: 815px;\">\n<tbody>\n<tr style=\"height: 36px;\">\n<td style=\"width: 805px; height: 36px; text-align: left;\"><span style=\"font-family: 'comic sans ms', sans-serif; font-size: 14pt;\"><a href=\"https:\/\/www.sistemadeadmisionescolar.cl\/\" target=\"_blank\" rel=\"noreferrer noopener\" aria-label=\"Postulaci\u00f3n a establecimientos educacionales (Sistema de Admisi\u00f3n Escolar) (abre en una nueva pesta\u00f1a)\">&#8211; Postulaci\u00f3n a establecimientos educacionales (Sistema de Admisi\u00f3n Escolar)<\/a><\/span><\/td>\n<\/tr>\n<tr style=\"height: 36px;\">\n<td style=\"width: 805px; height: 36px;\"><span style=\"font-family: 'comic sans ms', sans-serif; font-size: 14pt;\"><a href=\"https:\/\/www.ayudamineduc.cl\/ficha\/rectificacion-de-nombre-o-apellido-por-error-de-digitacion-en-certificados-de-mineduc-5\" target=\"_blank\" rel=\"noreferrer noopener\" aria-label=\" (abre en una nueva pesta\u00f1a)\">&#8211; Rectificaci\u00f3n del nombre y\/o apellido por error de digitaci\u00f3n en certificados de MINEDUC<\/a><\/span><\/td>\n<\/tr>\n<tr style=\"height: 36px;\">\n<td style=\"width: 805px; height: 36px;\"><span style=\"font-family: 'comic sans ms', sans-serif; font-size: 14pt;\"><a href=\"http:\/\/certificados.mineduc.cl\/\" target=\"_blank\" rel=\"noreferrer noopener\" aria-label=\"Solicitar certificado de alumno prioritario (abre en una nueva pesta\u00f1a)\">&#8211; Solicitar certificado de alumno prioritario<\/a><\/span><\/td>\n<\/tr>\n<tr style=\"height: 36px;\">\n<td style=\"width: 805px; height: 36px;\"><span style=\"font-family: 'comic sans ms', sans-serif; font-size: 14pt;\"><a href=\"http:\/\/certificados.mineduc.cl\/\" target=\"_blank\" rel=\"noreferrer noopener\" aria-label=\"Solicitar certificado de estudios para fines laborales (abre en una nueva pesta\u00f1a)\">&#8211; Solicitar certificado de estudios para fines laborales<\/a><\/span><\/td>\n<\/tr>\n<tr style=\"height: 36px;\">\n<td style=\"width: 805px; height: 36px;\"><span style=\"font-family: 'comic sans ms', sans-serif; font-size: 14pt;\"><a href=\"http:\/\/certificados.mineduc.cl\/\" target=\"_blank\" rel=\"noreferrer noopener\" aria-label=\"Solicitar concentraci\u00f3n de notas de ense\u00f1anza media (abre en una nueva pesta\u00f1a)\">&#8211; Solicitar concentraci\u00f3n de notas de ense\u00f1anza media<\/a><\/span><\/td>\n<\/tr>\n<tr style=\"height: 17.8125px;\">\n<td style=\"width: 805px; height: 17.8125px;\"><span style=\"font-family: 'comic sans ms', sans-serif; font-size: 14pt;\"><a href=\"https:\/\/certificados.mineduc.cl\/mvc\/home\/index\" target=\"_blank\" rel=\"noreferrer noopener\" aria-label=\"Solicitar licencia de educaci\u00f3n media (abre en una nueva pesta\u00f1a)\">&#8211; Solicitar licencia de educaci\u00f3n media<\/a><\/span><\/td>\n<\/tr>\n<tr style=\"height: 36px;\">\n<td style=\"width: 805px; height: 36px;\"><span style=\"font-family: 'comic sans ms', sans-serif; font-size: 14pt;\"><a href=\"http:\/\/certificados.mineduc.cl\/\" target=\"_blank\" rel=\"noreferrer noopener\" aria-label=\"Solicitud de certificado anual de estudios (abre en una nueva pesta\u00f1a)\">&#8211; Solicitud de certificado anual de estudios<\/a><\/span><\/td>\n<\/tr>\n<tr style=\"height: 37px;\">\n<td style=\"width: 805px; height: 37px;\"><span style=\"font-family: 'comic sans ms', sans-serif; font-size: 14pt;\"><a href=\"http:\/\/certificados.mineduc.cl\/\" target=\"_blank\" rel=\"noreferrer noopener\" aria-label=\"Solicitud de certificado de alumno(a) preferente (abre en una nueva pesta\u00f1a)\">&#8211; Solicitud de certificado de alumno(a) preferente<\/a><\/span><\/td>\n<\/tr>\n<tr style=\"height: 37px;\">\n<td style=\"width: 805px; height: 37px;\"><span style=\"font-family: 'comic sans ms', sans-serif; font-size: 14pt;\"><a href=\"http:\/\/certificados.mineduc.cl\/\" target=\"_blank\" rel=\"noreferrer noopener\" aria-label=\"Solicitud de certificado ubicaci\u00f3n de egreso de Educaci\u00f3n Media (abre en una nueva pesta\u00f1a)\">&#8211; Solicitud de certificado ubicaci\u00f3n de egreso de Educaci\u00f3n Media<\/a><\/span><\/td>\n<\/tr>\n<\/tbody>\n<\/table>\n","protected":false},"excerpt":{"rendered":"<p>Tr\u00e1mites Digitales: &#8211; Postulaci\u00f3n a establecimientos educacionales (Sistema de Admisi\u00f3n Escolar) &#8211; Rectificaci\u00f3n del nombre y\/o apellido por error de digitaci\u00f3n en certificados de MINEDUC &#8211; Solicitar certificado de alumno prioritario &#8211; Solicitar certificado de estudios para fines laborales &#8211; Solicitar concentraci\u00f3n de notas de ense\u00f1anza media &#8211; Solicitar licencia de educaci\u00f3n media &#8211; Solicitud [&hellip;]<\/p>\n","protected":false},"author":3,"featured_media":0,"parent":0,"menu_order":0,"comment_status":"closed","ping_status":"closed","template":"","meta":[],"_links":{"self":[{"href":"https:\/\/www.colegiosanrafael.cl\/index.php\/wp-json\/wp\/v2\/pages\/5495"}],"collection":[{"href":"https:\/\/www.colegiosanrafael.cl\/index.php\/wp-json\/wp\/v2\/pages"}],"about":[{"href":"https:\/\/www.colegiosanrafael.cl\/index.php\/wp-json\/wp\/v2\/types\/page"}],"author":[{"embeddable":true,"href":"https:\/\/www.colegiosanrafael.cl\/index.php\/wp-json\/wp\/v2\/users\/3"}],"replies":[{"embeddable":true,"href":"https:\/\/www.colegiosanrafael.cl\/index.php\/wp-json\/wp\/v2\/comments?post=5495"}],"version-history":[{"count":9,"href":"https:\/\/www.colegiosanrafael.cl\/index.php\/wp-json\/wp\/v2\/pages\/5495\/revisions"}],"predecessor-version":[{"id":5504,"href":"https:\/\/www.colegiosanrafael.cl\/index.php\/wp-json\/wp\/v2\/pages\/5495\/revisions\/5504"}],"wp:attachment":[{"href":"https:\/\/www.colegiosanrafael.cl\/index.php\/wp-json\/wp\/v2\/media?parent=5495"}],"curies":[{"name":"wp","href":"https:\/\/api.w.org\/{rel}","templated":true}]}}