{"id":2640,"date":"2018-06-27T12:49:40","date_gmt":"2018-06-27T16:49:40","guid":{"rendered":"http:\/\/www.colegiosanrafael.cl\/?page_id=2640"},"modified":"2025-08-25T13:02:46","modified_gmt":"2025-08-25T17:02:46","slug":"convivencia-escolar","status":"publish","type":"page","link":"https:\/\/www.colegiosanrafael.cl\/index.php\/convivencia-escolar\/","title":{"rendered":"Convivencia Escolar"},"content":{"rendered":"<div class=\"fusion-fullwidth fullwidth-box fusion-fullwidth-1  fusion-parallax-none nonhundred-percent-fullwidth\" style=\"border-color:#eae9e9;border-bottom-width: 0px;border-top-width: 0px;border-bottom-style: solid;border-top-style: solid;padding-bottom:20px;padding-top:20px;padding-left:;padding-right:;background-color:rgba(255,255,255,0);\"><style type=\"text\/css\" scoped=\"scoped\">.fusion-fullwidth-1 {\n                            padding-left: px !important;\n                            padding-right: px !important;\n                        }<\/style><div class=\"fusion-row\"><div class=\"fusion-title title fusion-title-center fusion-title-size-one\" style=\"margin-top:0px;margin-bottom:31px;\"><div class=\"title-sep-container title-sep-container-left\"><div class=\"title-sep sep-double\"><\/div><\/div><h1 class=\"title-heading-center\">CONVIVENCIA ESCOLAR<\/h1><div class=\"title-sep-container title-sep-container-right\"><div class=\"title-sep sep-double\"><\/div><\/div><\/div><style type='text\/css'>.reading-box-container-1 .element-bottomshadow:before,.reading-box-container-1 .element-bottomshadow:after{opacity:0.1;}<\/style><div class=\"fusion-reading-box-container reading-box-container-1\" style=\"margin-top:0px;margin-bottom:84px;\"><div class=\"reading-box reading-box-center\" style=\"background-color:#ffffff;border-width:0px;border-color:#ffffff;border-top-width:3px;border-top-color:#095866;border-style:solid;\"><div class=\"reading-box-additional\">\n<p><img loading=\"lazy\" class=\"aligncenter wp-image-12218 size-large\" src=\"https:\/\/www.colegiosanrafael.cl\/wp-content\/uploads\/2025\/08\/1-839x1024.jpeg\" alt=\"\" width=\"839\" height=\"1024\" srcset=\"https:\/\/www.colegiosanrafael.cl\/wp-content\/uploads\/2025\/08\/1-200x244.jpeg 200w, https:\/\/www.colegiosanrafael.cl\/wp-content\/uploads\/2025\/08\/1-246x300.jpeg 246w, https:\/\/www.colegiosanrafael.cl\/wp-content\/uploads\/2025\/08\/1-400x488.jpeg 400w, https:\/\/www.colegiosanrafael.cl\/wp-content\/uploads\/2025\/08\/1-600x732.jpeg 600w, https:\/\/www.colegiosanrafael.cl\/wp-content\/uploads\/2025\/08\/1-768x937.jpeg 768w, https:\/\/www.colegiosanrafael.cl\/wp-content\/uploads\/2025\/08\/1-800x976.jpeg 800w, https:\/\/www.colegiosanrafael.cl\/wp-content\/uploads\/2025\/08\/1-839x1024.jpeg 839w, https:\/\/www.colegiosanrafael.cl\/wp-content\/uploads\/2025\/08\/1-1200x1465.jpeg 1200w, https:\/\/www.colegiosanrafael.cl\/wp-content\/uploads\/2025\/08\/1.jpeg 1206w\" sizes=\"(max-width: 839px) 100vw, 839px\" \/> \u00a0<\/p>\n<p>&lt;p<iframe loading=\"lazy\" title=\"\u00bfC\u00f3mo acompa\u00f1ar a los ni\u00f1os, ni\u00f1as y adolescentes en el mundo digital?\" src=\"https:\/\/www.youtube.com\/embed\/CgKJVqECdqQ\" width=\"840\" height=\"703\" frameborder=\"0\" allowfullscreen=\"allowfullscreen\"><\/iframe>&gt;\u00a0<img loading=\"lazy\" class=\"aligncenter wp-image-12219 size-large\" src=\"https:\/\/www.colegiosanrafael.cl\/wp-content\/uploads\/2025\/08\/3-842x1024.jpeg\" alt=\"\" width=\"842\" height=\"1024\" srcset=\"https:\/\/www.colegiosanrafael.cl\/wp-content\/uploads\/2025\/08\/3-200x243.jpeg 200w, https:\/\/www.colegiosanrafael.cl\/wp-content\/uploads\/2025\/08\/3-247x300.jpeg 247w, https:\/\/www.colegiosanrafael.cl\/wp-content\/uploads\/2025\/08\/3-400x486.jpeg 400w, https:\/\/www.colegiosanrafael.cl\/wp-content\/uploads\/2025\/08\/3-600x729.jpeg 600w, https:\/\/www.colegiosanrafael.cl\/wp-content\/uploads\/2025\/08\/3-768x934.jpeg 768w, https:\/\/www.colegiosanrafael.cl\/wp-content\/uploads\/2025\/08\/3-800x972.jpeg 800w, https:\/\/www.colegiosanrafael.cl\/wp-content\/uploads\/2025\/08\/3-842x1024.jpeg 842w, https:\/\/www.colegiosanrafael.cl\/wp-content\/uploads\/2025\/08\/3-1200x1459.jpeg 1200w, https:\/\/www.colegiosanrafael.cl\/wp-content\/uploads\/2025\/08\/3.jpeg 1206w\" sizes=\"(max-width: 842px) 100vw, 842px\" \/><img loading=\"lazy\" class=\"aligncenter wp-image-12220 size-full\" src=\"https:\/\/www.colegiosanrafael.cl\/wp-content\/uploads\/2025\/08\/4.png\" alt=\"\" width=\"986\" height=\"485\" srcset=\"https:\/\/www.colegiosanrafael.cl\/wp-content\/uploads\/2025\/08\/4-200x98.png 200w, https:\/\/www.colegiosanrafael.cl\/wp-content\/uploads\/2025\/08\/4-300x148.png 300w, https:\/\/www.colegiosanrafael.cl\/wp-content\/uploads\/2025\/08\/4-400x197.png 400w, https:\/\/www.colegiosanrafael.cl\/wp-content\/uploads\/2025\/08\/4-600x295.png 600w, https:\/\/www.colegiosanrafael.cl\/wp-content\/uploads\/2025\/08\/4-768x378.png 768w, https:\/\/www.colegiosanrafael.cl\/wp-content\/uploads\/2025\/08\/4-800x394.png 800w, https:\/\/www.colegiosanrafael.cl\/wp-content\/uploads\/2025\/08\/4.png 986w\" sizes=\"(max-width: 986px) 100vw, 986px\" \/><\/p>\n<p>&nbsp;<\/p>\n<p>&nbsp;<\/p>\n<p>&nbsp;<\/p>\n<ul>\n<li style=\"text-align: left;\"><a href=\"https:\/\/www.colegiosanrafael.cl\/wp-content\/uploads\/2021\/03\/REGLAMENTO-USO-PEDAGOGICO-TECNOLOGIAS-Y-PLATAFORMAS-DIGITALES.pdf\" target=\"_blank\" rel=\"noopener\">REGLAMENTO DEL USO PEDAG\u00d3GICO DE LAS TECNOLOG\u00cdAS Y\u00a0APLICACIONES DIGITALES<\/a><\/li>\n<li style=\"text-align: left;\">\n<h2 class=\"entry-title\" data-fontsize=\"18\" data-lineheight=\"27\"><a href=\"https:\/\/www.colegiosanrafael.cl\/index.php\/2021\/03\/05\/colegio-san-rafael-2\/\" target=\"_blank\" rel=\"noopener\">Uso pedag\u00f3gico de las tecnolog\u00edas y plataformas digitales<\/a><\/h2>\n<\/li>\n<\/ul>\n<\/div><\/div><\/div><\/div><\/div>\n","protected":false},"excerpt":{"rendered":"","protected":false},"author":3,"featured_media":0,"parent":0,"menu_order":0,"comment_status":"closed","ping_status":"closed","template":"","meta":[],"_links":{"self":[{"href":"https:\/\/www.colegiosanrafael.cl\/index.php\/wp-json\/wp\/v2\/pages\/2640"}],"collection":[{"href":"https:\/\/www.colegiosanrafael.cl\/index.php\/wp-json\/wp\/v2\/pages"}],"about":[{"href":"https:\/\/www.colegiosanrafael.cl\/index.php\/wp-json\/wp\/v2\/types\/page"}],"author":[{"embeddable":true,"href":"https:\/\/www.colegiosanrafael.cl\/index.php\/wp-json\/wp\/v2\/users\/3"}],"replies":[{"embeddable":true,"href":"https:\/\/www.colegiosanrafael.cl\/index.php\/wp-json\/wp\/v2\/comments?post=2640"}],"version-history":[{"count":34,"href":"https:\/\/www.colegiosanrafael.cl\/index.php\/wp-json\/wp\/v2\/pages\/2640\/revisions"}],"predecessor-version":[{"id":12217,"href":"https:\/\/www.colegiosanrafael.cl\/index.php\/wp-json\/wp\/v2\/pages\/2640\/revisions\/12217"}],"wp:attachment":[{"href":"https:\/\/www.colegiosanrafael.cl\/index.php\/wp-json\/wp\/v2\/media?parent=2640"}],"curies":[{"name":"wp","href":"https:\/\/api.w.org\/{rel}","templated":true}]}}